{"id":4711,"date":"2019-07-24T12:45:16","date_gmt":"2019-07-24T16:45:16","guid":{"rendered":"https:\/\/www.healcanada-test.ubmepsilon.com\/a-propos-de-nous\/"},"modified":"2024-01-18T06:00:13","modified_gmt":"2024-01-18T11:00:13","slug":"a-propos-de-nous","status":"publish","type":"page","link":"https:\/\/www.healcanada-test.ubmepsilon.com\/fr\/a-propos-de-nous\/","title":{"rendered":"\u00c0 propos de nous"},"content":{"rendered":"\n<p class=\"wp-block-paragraph\">Apr\u00e8s de nombreuses ann\u00e9es de d\u00e9fense des droits des patients et d\u2019efforts pour atteindre autant de patients et de familles que possible, nous avons appris deux choses essentielles sur ce qu\u2019il faut pour apporter un changement significatif. <\/p>\n\n\n\n<p class=\"wp-block-paragraph\"><strong>Communaut\u00e9.<\/strong> Personne ne r\u00e9ussit seul. Ensemble, nous avons pass\u00e9 des ann\u00e9es \u00e0 entretenir des relations avec les membres de nos communaut\u00e9s de maladies. Ce sont les parties prenantes les plus importantes, ces m\u00eames personnes dont les exp\u00e9riences individuelles nous poussent \u00e0 plaider en faveur de choses importantes comme les soins de soutien, l\u2019acc\u00e8s aux traitements et les tests ad\u00e9quats. Collectivement, ces exp\u00e9riences inspirent les autres \u00e0 continuer d\u2019avancer.<\/p>\n\n\n\n<p class=\"wp-block-paragraph\"><strong>Partenariats collaboratifs. <\/strong>En tant que d\u00e9fenseurs des patients et des soignants, nous savons que les relations sont ce qui motive les avant-gardistes. Les partenariats collaboratifs permettent de r\u00e9aliser de bonnes choses, contribuent \u00e0 alimenter l\u2019expertise et, en fin de compte, le leadership. <\/p>\n\n\n\n<p class=\"wp-block-paragraph\"><strong>Gu\u00e9rir Canada<\/strong> vise \u00e0 soutenir <strong>l&rsquo;\u00e9ducation et l&rsquo;autonomisation des patients<\/strong>, \u00e0 <strong>h\u00e9berger des programmes de sensibilisation<\/strong>, \u00e0 \u00eatre un b\u00e2tisseur de <strong>communaut\u00e9 gr\u00e2ce \u00e0 la sensibilisation du public<\/strong>, \u00e0 fournir aux petites organisations de d\u00e9fense des patients des services de <strong>consultation et de gestion de projet<\/strong>, \u00e0 \u00eatre un <strong>innovateur communautaire<\/strong> gr\u00e2ce \u00e0 <strong>l&rsquo;innovation des technologies de la sant\u00e9 et<\/strong>, par l&rsquo;interm\u00e9diaire de son partenaire <strong>CACHEducation<\/strong>, \u00e0 assurer la d\u00e9fense des droits des patients<strong>. \u00c9ducation et formation.<\/strong><\/p>\n\n\n\n<p class=\"wp-block-paragraph\"><\/p>\n\n\n\n<h2 class=\"wp-block-heading\"><\/h2>\n","protected":false},"excerpt":{"rendered":"<p>Apr\u00e8s de nombreuses ann\u00e9es de d\u00e9fense des droits des patients et d\u2019efforts pour atteindre autant de patients et de familles que possible, nous avons appris deux choses essentielles sur ce qu\u2019il faut pour apporter un changement significatif. Communaut\u00e9. Personne ne r\u00e9ussit seul. Ensemble, nous avons pass\u00e9 des ann\u00e9es \u00e0 entretenir des relations avec les membres &hellip; <a href=\"https:\/\/www.healcanada-test.ubmepsilon.com\/fr\/a-propos-de-nous\/\" class=\"more-link\">Continue reading <span class=\"screen-reader-text\">\u00c0 propos de nous<\/span><\/a><\/p>\n","protected":false},"author":152821918,"featured_media":0,"parent":0,"menu_order":0,"comment_status":"closed","ping_status":"closed","template":"templates\/full-width-page.php","meta":{"_bbp_topic_count":0,"_bbp_reply_count":0,"_bbp_total_topic_count":0,"_bbp_total_reply_count":0,"_bbp_voice_count":0,"_bbp_anonymous_reply_count":0,"_bbp_topic_count_hidden":0,"_bbp_reply_count_hidden":0,"_bbp_forum_subforum_count":0,"_coblocks_attr":"","_coblocks_dimensions":"","_coblocks_responsive_height":"","_coblocks_accordion_ie_support":"","_crdt_document":"","inline_featured_image":false,"footnotes":""},"class_list":["post-4711","page","type-page","status-publish","hentry"],"_links":{"self":[{"href":"https:\/\/www.healcanada-test.ubmepsilon.com\/fr\/wp-json\/wp\/v2\/pages\/4711","targetHints":{"allow":["GET"]}}],"collection":[{"href":"https:\/\/www.healcanada-test.ubmepsilon.com\/fr\/wp-json\/wp\/v2\/pages"}],"about":[{"href":"https:\/\/www.healcanada-test.ubmepsilon.com\/fr\/wp-json\/wp\/v2\/types\/page"}],"author":[{"embeddable":true,"href":"https:\/\/www.healcanada-test.ubmepsilon.com\/fr\/wp-json\/wp\/v2\/users\/152821918"}],"replies":[{"embeddable":true,"href":"https:\/\/www.healcanada-test.ubmepsilon.com\/fr\/wp-json\/wp\/v2\/comments?post=4711"}],"version-history":[{"count":2,"href":"https:\/\/www.healcanada-test.ubmepsilon.com\/fr\/wp-json\/wp\/v2\/pages\/4711\/revisions"}],"predecessor-version":[{"id":4713,"href":"https:\/\/www.healcanada-test.ubmepsilon.com\/fr\/wp-json\/wp\/v2\/pages\/4711\/revisions\/4713"}],"wp:attachment":[{"href":"https:\/\/www.healcanada-test.ubmepsilon.com\/fr\/wp-json\/wp\/v2\/media?parent=4711"}],"curies":[{"name":"wp","href":"https:\/\/api.w.org\/{rel}","templated":true}]}}