{"id":4716,"date":"2020-02-28T09:32:32","date_gmt":"2020-02-28T14:32:32","guid":{"rendered":"https:\/\/www.healcanada-test.ubmepsilon.com\/sensibilisation-au-cancer-du-sang\/"},"modified":"2024-01-18T06:09:35","modified_gmt":"2024-01-18T11:09:35","slug":"sensibilisation-au-cancer-du-sang","status":"publish","type":"page","link":"https:\/\/www.healcanada-test.ubmepsilon.com\/fr\/sensibilisation-au-cancer-du-sang\/","title":{"rendered":"Sensibilisation au cancer du sang"},"content":{"rendered":"<div class=\"wp-block-image\">\n<figure class=\"aligncenter size-large is-resized\"><img fetchpriority=\"high\" decoding=\"async\" width=\"512\" height=\"610\" src=\"https:\/\/www.healcanada-test.ubmepsilon.com\/wp-content\/uploads\/2020\/02\/blood-cancer-campaign-graphic.jpg?w=512\" alt=\"\" class=\"wp-image-945\" style=\"width:586px;height:697px\"\/><figcaption class=\"wp-element-caption\"><strong>VOTRE SANG CONTIENT DES INDICES IMPORTANTS SUR LE FONCTIONNEMENT DE VOTRE CORPS ET PEUT VOUS INDIQUER SI UNE \u00c9VALUATION PLUS COMPL\u00c8TE EST N\u00c9CESSAIRE.<\/strong><\/figcaption><\/figure>\n<\/div>\n<p class=\"wp-block-paragraph\">Gu\u00e9rir Canada est fier de soutenir la Campagne canadienne de sensibilisation au cancer du sang, appel\u00e9e <a href=\"http:\/\/mybloodmyhealth.ca\/\">mybloodmyhealth.ca<\/a>, <a href=\"http:\/\/monsangmasante.ca\/\">monsangmasante.ca<\/a><\/p>\n\n<p class=\"wp-block-paragraph\">Gu\u00e9rir Canada est \u00e9galement fier de soutenir une initiative similaire aux \u00c9tats-Unis sur <a href=\"http:\/\/mybloodmyhealth.org\" data-type=\"link\" data-id=\"mybloodmyhealth.org\">mybloodmyhealth.org<\/a>.<\/p>\n\n<p class=\"wp-block-paragraph\">Apprenez-en davantage sur le lien entre les analyses de sang et les signes de ce qui se passe dans votre corps. Il est important de communiquer ouvertement avec votre m\u00e9decin au sujet des sympt\u00f4mes que vous pourriez ressentir et de leur impact sur votre qualit\u00e9 de vie.<\/p>\n\n<p class=\"wp-block-paragraph\"><\/p>\n","protected":false},"excerpt":{"rendered":"<p>Fier partenaire de la Campagne canadienne de sensibilisation au sang<\/p>\n","protected":false},"author":152821918,"featured_media":0,"parent":0,"menu_order":3,"comment_status":"closed","ping_status":"closed","template":"templates\/full-width-page.php","meta":{"_bbp_topic_count":0,"_bbp_reply_count":0,"_bbp_total_topic_count":0,"_bbp_total_reply_count":0,"_bbp_voice_count":0,"_bbp_anonymous_reply_count":0,"_bbp_topic_count_hidden":0,"_bbp_reply_count_hidden":0,"_bbp_forum_subforum_count":0,"_coblocks_attr":"","_coblocks_dimensions":"","_coblocks_responsive_height":"","_coblocks_accordion_ie_support":"","_crdt_document":"","inline_featured_image":false,"footnotes":""},"class_list":["post-4716","page","type-page","status-publish","hentry"],"_links":{"self":[{"href":"https:\/\/www.healcanada-test.ubmepsilon.com\/fr\/wp-json\/wp\/v2\/pages\/4716","targetHints":{"allow":["GET"]}}],"collection":[{"href":"https:\/\/www.healcanada-test.ubmepsilon.com\/fr\/wp-json\/wp\/v2\/pages"}],"about":[{"href":"https:\/\/www.healcanada-test.ubmepsilon.com\/fr\/wp-json\/wp\/v2\/types\/page"}],"author":[{"embeddable":true,"href":"https:\/\/www.healcanada-test.ubmepsilon.com\/fr\/wp-json\/wp\/v2\/users\/152821918"}],"replies":[{"embeddable":true,"href":"https:\/\/www.healcanada-test.ubmepsilon.com\/fr\/wp-json\/wp\/v2\/comments?post=4716"}],"version-history":[{"count":1,"href":"https:\/\/www.healcanada-test.ubmepsilon.com\/fr\/wp-json\/wp\/v2\/pages\/4716\/revisions"}],"predecessor-version":[{"id":4717,"href":"https:\/\/www.healcanada-test.ubmepsilon.com\/fr\/wp-json\/wp\/v2\/pages\/4716\/revisions\/4717"}],"wp:attachment":[{"href":"https:\/\/www.healcanada-test.ubmepsilon.com\/fr\/wp-json\/wp\/v2\/media?parent=4716"}],"curies":[{"name":"wp","href":"https:\/\/api.w.org\/{rel}","templated":true}]}}