{"id":4718,"date":"2023-09-10T11:41:00","date_gmt":"2023-09-10T15:41:00","guid":{"rendered":"https:\/\/www.healcanada-test.ubmepsilon.com\/a-propos-de-nous\/demande-de-conseil-consultatif\/"},"modified":"2025-03-19T17:14:57","modified_gmt":"2025-03-19T21:14:57","slug":"demande-de-conseil-consultatif","status":"publish","type":"page","link":"https:\/\/www.healcanada-test.ubmepsilon.com\/fr\/a-propos-de-nous\/demande-de-conseil-consultatif\/","title":{"rendered":"Demande de conseil consultatif"},"content":{"rendered":"\n<div style=\"height:32px\" aria-hidden=\"true\" class=\"wp-block-spacer\"><\/div>\n\n\n<h4 class=\"wp-block-heading\" style=\"margin-bottom: 10px\">Joignez-vous au Conseil consultatif des patients de Gu\u00e9rir Canada<\/h4>\n\n\n<p class=\"wp-block-paragraph\">Faites partie du Conseil consultatif des ressources de Gu\u00e9rison Canada. Fournir une r\u00e9troaction continue sur les questions pertinentes \u00e0 la d\u00e9fense des droits des patients au Canada. Nous recherchons des patients, des partenaires de soins et des ambassadeurs g\u00e9n\u00e9raux<\/p>\n\n\n\n<div style=\"height:32px\" aria-hidden=\"true\" class=\"wp-block-spacer\"><\/div>\n\n\n<h5 class=\"wp-block-heading has-text-align-center\" style=\"margin-bottom: 10px;max-width: 500px\">Envoyez vos informations \u00e0 : Admin@healcanada-test.ubmepsilon.com ou visitez notre site Web et remplissez notre formulaire de candidature et d\u00e9couvrez plus de d\u00e9tails sur l&rsquo;engagement de temps requis.<\/h5>\n\n\n<div class=\"wp-block-jetpack-contact-form form-block\" style=\"padding-top:16px;padding-right:16px;padding-bottom:16px;padding-left:16px\">\n\n\n\n\n\n\n\n\n\n\n\n\n\n\n\n\n<div style=\"margin-bottom:20px;\" id=\"cloudflare-turnstile\"><\/div>\n<script\n  src=\"https:\/\/challenges.cloudflare.com\/turnstile\/v0\/api.js?onload=onloadTurnstileCallback\"\n  defer\n><\/script>\n\n<script>\n    window.onloadTurnstileCallback = function () {\n  turnstile.render(\"#cloudflare-turnstile\", {\n    sitekey: \"0x4AAAAAABBpar_LPTbcFoV0\",\n    theme:\"light\",\n    callback: function (token) {\n      console.log(`Challenge Success ${token}`);\n    },\n  });\n};\n<\/script>\n\n\n<\/div>\n","protected":false},"excerpt":{"rendered":"<p>Joignez-vous au Conseil consultatif des patients de Gu\u00e9rir Canada Faites partie du Conseil consultatif des ressources de Gu\u00e9rison Canada. Fournir une r\u00e9troaction continue sur les questions pertinentes \u00e0 la d\u00e9fense des droits des patients au Canada. Nous recherchons des patients, des partenaires de soins et des ambassadeurs g\u00e9n\u00e9raux Envoyez vos informations \u00e0 : Admin@healcanada-test.ubmepsilon.com ou &hellip; <a href=\"https:\/\/www.healcanada-test.ubmepsilon.com\/fr\/a-propos-de-nous\/demande-de-conseil-consultatif\/\" class=\"more-link\">Continue reading <span class=\"screen-reader-text\">Demande de conseil consultatif<\/span><\/a><\/p>\n","protected":false},"author":152821918,"featured_media":0,"parent":4711,"menu_order":0,"comment_status":"closed","ping_status":"closed","template":"templates\/full-width-page.php","meta":{"_bbp_topic_count":0,"_bbp_reply_count":0,"_bbp_total_topic_count":0,"_bbp_total_reply_count":0,"_bbp_voice_count":0,"_bbp_anonymous_reply_count":0,"_bbp_topic_count_hidden":0,"_bbp_reply_count_hidden":0,"_bbp_forum_subforum_count":0,"_coblocks_attr":"","_coblocks_dimensions":"","_coblocks_responsive_height":"","_coblocks_accordion_ie_support":"","_crdt_document":"","inline_featured_image":false,"footnotes":""},"class_list":["post-4718","page","type-page","status-publish","hentry"],"_links":{"self":[{"href":"https:\/\/www.healcanada-test.ubmepsilon.com\/fr\/wp-json\/wp\/v2\/pages\/4718","targetHints":{"allow":["GET"]}}],"collection":[{"href":"https:\/\/www.healcanada-test.ubmepsilon.com\/fr\/wp-json\/wp\/v2\/pages"}],"about":[{"href":"https:\/\/www.healcanada-test.ubmepsilon.com\/fr\/wp-json\/wp\/v2\/types\/page"}],"author":[{"embeddable":true,"href":"https:\/\/www.healcanada-test.ubmepsilon.com\/fr\/wp-json\/wp\/v2\/users\/152821918"}],"replies":[{"embeddable":true,"href":"https:\/\/www.healcanada-test.ubmepsilon.com\/fr\/wp-json\/wp\/v2\/comments?post=4718"}],"version-history":[{"count":6,"href":"https:\/\/www.healcanada-test.ubmepsilon.com\/fr\/wp-json\/wp\/v2\/pages\/4718\/revisions"}],"predecessor-version":[{"id":7923,"href":"https:\/\/www.healcanada-test.ubmepsilon.com\/fr\/wp-json\/wp\/v2\/pages\/4718\/revisions\/7923"}],"up":[{"embeddable":true,"href":"https:\/\/www.healcanada-test.ubmepsilon.com\/fr\/wp-json\/wp\/v2\/pages\/4711"}],"wp:attachment":[{"href":"https:\/\/www.healcanada-test.ubmepsilon.com\/fr\/wp-json\/wp\/v2\/media?parent=4718"}],"curies":[{"name":"wp","href":"https:\/\/api.w.org\/{rel}","templated":true}]}}