{"id":4738,"date":"2023-09-10T11:00:56","date_gmt":"2023-09-10T15:00:56","guid":{"rendered":"https:\/\/www.healcanada-test.ubmepsilon.com\/ressources\/education-a-la-defense-des-droits-des-patients\/"},"modified":"2024-01-18T06:46:57","modified_gmt":"2024-01-18T11:46:57","slug":"education-a-la-defense-des-droits-des-patients","status":"publish","type":"page","link":"https:\/\/www.healcanada-test.ubmepsilon.com\/fr\/ressources\/education-a-la-defense-des-droits-des-patients\/","title":{"rendered":"\u00c9ducation \u00e0 la d\u00e9fense des droits des patients"},"content":{"rendered":"\n<p class=\"wp-block-paragraph\">Il existe plus de 5 700 organismes de bienfaisance enregistr\u00e9s dans le domaine de la sant\u00e9 au Canada. Parmi ceux-ci, seul un petit pourcentage est probablement g\u00e9r\u00e9 par des directeurs ex\u00e9cutifs bien qualifi\u00e9s, dirig\u00e9s par un personnel correctement form\u00e9 et des b\u00e9n\u00e9voles comp\u00e9tents. Dans la plupart des cas, les groupes de d\u00e9fense sont g\u00e9r\u00e9s depuis des tables de cuisine et les dirigeants\/personnel sont \u00ab form\u00e9s \u00bb de bouche \u00e0 oreille et apprennent de leurs erreurs. Il n&rsquo;existe aucune \u00e9cole ou programme disponible pour leur apprendre \u00e0 collecter des fonds, \u00e0 recruter et \u00e0 retenir des b\u00e9n\u00e9voles, \u00e0 r\u00e9diger une subvention, \u00e0 financer des chercheurs, \u00e0 parler aux agences gouvernementales, etc.<\/p>\n\n<p class=\"wp-block-paragraph\">CACHE (Canadian Advocacy Champions of Health Education) veut changer cela. Il est n\u00e9cessaire au Canada d&rsquo;offrir aux d\u00e9fenseurs des droits des patients un programme complet qui les qualifiera ad\u00e9quatement pour relever les nombreux d\u00e9fis qu&rsquo;ils rencontrent lors du d\u00e9marrage, du maintien et de la croissance de leur organisation.<\/p>\n\n<p class=\"wp-block-paragraph\"><a href=\"https:\/\/cacheducation.org\">https:\/\/cacheducation.org<\/a><\/p>\n","protected":false},"excerpt":{"rendered":"<p>Il existe plus de 5 700 organismes de bienfaisance enregistr\u00e9s dans le domaine de la sant\u00e9 au Canada. Parmi ceux-ci, seul un petit pourcentage est probablement g\u00e9r\u00e9 par des directeurs ex\u00e9cutifs bien qualifi\u00e9s, dirig\u00e9s par un personnel correctement form\u00e9 et des b\u00e9n\u00e9voles comp\u00e9tents. Dans la plupart des cas, les groupes de d\u00e9fense sont g\u00e9r\u00e9s depuis &hellip; <a href=\"https:\/\/www.healcanada-test.ubmepsilon.com\/fr\/ressources\/education-a-la-defense-des-droits-des-patients\/\" class=\"more-link\">Continue reading <span class=\"screen-reader-text\">\u00c9ducation \u00e0 la d\u00e9fense des droits des patients<\/span><\/a><\/p>\n","protected":false},"author":152821918,"featured_media":0,"parent":4732,"menu_order":0,"comment_status":"closed","ping_status":"closed","template":"templates\/full-width-page.php","meta":{"_bbp_topic_count":0,"_bbp_reply_count":0,"_bbp_total_topic_count":0,"_bbp_total_reply_count":0,"_bbp_voice_count":0,"_bbp_anonymous_reply_count":0,"_bbp_topic_count_hidden":0,"_bbp_reply_count_hidden":0,"_bbp_forum_subforum_count":0,"_coblocks_attr":"","_coblocks_dimensions":"","_coblocks_responsive_height":"","_coblocks_accordion_ie_support":"","_crdt_document":"","inline_featured_image":false,"footnotes":""},"class_list":["post-4738","page","type-page","status-publish","hentry"],"_links":{"self":[{"href":"https:\/\/www.healcanada-test.ubmepsilon.com\/fr\/wp-json\/wp\/v2\/pages\/4738","targetHints":{"allow":["GET"]}}],"collection":[{"href":"https:\/\/www.healcanada-test.ubmepsilon.com\/fr\/wp-json\/wp\/v2\/pages"}],"about":[{"href":"https:\/\/www.healcanada-test.ubmepsilon.com\/fr\/wp-json\/wp\/v2\/types\/page"}],"author":[{"embeddable":true,"href":"https:\/\/www.healcanada-test.ubmepsilon.com\/fr\/wp-json\/wp\/v2\/users\/152821918"}],"replies":[{"embeddable":true,"href":"https:\/\/www.healcanada-test.ubmepsilon.com\/fr\/wp-json\/wp\/v2\/comments?post=4738"}],"version-history":[{"count":1,"href":"https:\/\/www.healcanada-test.ubmepsilon.com\/fr\/wp-json\/wp\/v2\/pages\/4738\/revisions"}],"predecessor-version":[{"id":4739,"href":"https:\/\/www.healcanada-test.ubmepsilon.com\/fr\/wp-json\/wp\/v2\/pages\/4738\/revisions\/4739"}],"up":[{"embeddable":true,"href":"https:\/\/www.healcanada-test.ubmepsilon.com\/fr\/wp-json\/wp\/v2\/pages\/4732"}],"wp:attachment":[{"href":"https:\/\/www.healcanada-test.ubmepsilon.com\/fr\/wp-json\/wp\/v2\/media?parent=4738"}],"curies":[{"name":"wp","href":"https:\/\/api.w.org\/{rel}","templated":true}]}}