{"id":4910,"date":"2024-02-21T10:30:45","date_gmt":"2024-02-21T15:30:45","guid":{"rendered":"https:\/\/www.healcanada-test.ubmepsilon.com\/?page_id=4910"},"modified":"2024-02-21T11:25:20","modified_gmt":"2024-02-21T16:25:20","slug":"survey","status":"publish","type":"page","link":"https:\/\/www.healcanada-test.ubmepsilon.com\/fr\/survey\/","title":{"rendered":"Survey"},"content":{"rendered":"\n<p class=\"wp-block-paragraph\"><\/p>\n\n\n\n<div class=\"wp-block-buttons is-layout-flex wp-block-buttons-is-layout-flex\">\n<div class=\"wp-block-button\"><a class=\"wp-block-button__link wp-element-button\" href=\"https:\/\/www.surveymonkey.com\/r\/LJ9NBHW\">Start Survey<\/a><\/div>\n<\/div>\n\n\n\n<h2 class=\"wp-block-heading\">Sondage sur la qualit\u00e9 de vie &#8211; Patients atteints de cancer du sang<\/h2>\n\n\n\n<h2 class=\"wp-block-heading\">1. Description du projet<\/h2>\n\n\n\n<p class=\"wp-block-paragraph\">Pour vous, les patients, notre objectif est d\u2019am\u00e9liorer les services de soins de sant\u00e9 li\u00e9s au cancer du sang.<\/p>\n\n\n\n<p class=\"wp-block-paragraph\">Pour atteindre cet objectif, nous devons rassembler des donn\u00e9es compl\u00e8tes sur l\u2019impact du cancer du sang sur votre vie quotidienne.<\/p>\n\n\n\n<p class=\"wp-block-paragraph\">Vous pouvez contribuer en prenant 20 minutes pour remplir ce questionnaire de 50 questions.<\/p>\n\n\n\n<p class=\"wp-block-paragraph\">Pourquoi 50 questions ?<br>Pour avoir un impact, l\u2019enqu\u00eate doit couvrir un large \u00e9ventail de sujets :<br>1) Le diagnostic\n<br>2) La qualit\u00e9 du traitement\n<br>3) Les fardeaux \u00e9motionnels et financiers de vivre avec le cancer\n<br>4) L\u2019efficacit\u00e9 des ressources existantes pour les patients\n<br>5) Les donn\u00e9es d\u00e9mographiques influencant les r\u00e9sultats cliniques<\/p>\n\n\n\n<p class=\"wp-block-paragraph\">Les informations tir\u00e9es de cette enqu\u00eate contribueront \u00e0 concevoir davantage des approches centr\u00e9es sur les patients.<\/p>\n\n\n\n<p class=\"wp-block-paragraph\">La confidentialit\u00e9 et la vie priv\u00e9e des participants sont de la plus haute importance, c&rsquo;est pourquoi toutes les r\u00e9ponses seront anonymis\u00e9s et utilis\u00e9s pour am\u00e9liorer les soins aux patients et les services de soutien.<\/p>\n\n\n\n<p class=\"wp-block-paragraph\">Pour plus d\u2019informations sur cette enqu\u00eate, veuillez visiter notre site Web \u00e0 www.healcanada.org<\/p>\n\n\n\n<div class=\"wp-block-buttons is-layout-flex wp-block-buttons-is-layout-flex\">\n<div class=\"wp-block-button\"><a class=\"wp-block-button__link wp-element-button\" href=\"https:\/\/www.surveymonkey.com\/r\/LJ9NBHW\">Start Survey<\/a><\/div>\n<\/div>\n","protected":false},"excerpt":{"rendered":"<p>Sondage sur la qualit\u00e9 de vie &#8211; Patients atteints de cancer du sang 1. Description du projet Pour vous, les patients, notre objectif est d\u2019am\u00e9liorer les services de soins de sant\u00e9 li\u00e9s au cancer du sang. Pour atteindre cet objectif, nous devons rassembler des donn\u00e9es compl\u00e8tes sur l\u2019impact du cancer du sang sur votre vie &hellip; <a href=\"https:\/\/www.healcanada-test.ubmepsilon.com\/fr\/survey\/\" class=\"more-link\">Continue reading <span class=\"screen-reader-text\">Survey<\/span><\/a><\/p>\n","protected":false},"author":152821921,"featured_media":0,"parent":0,"menu_order":0,"comment_status":"closed","ping_status":"closed","template":"","meta":{"_bbp_topic_count":0,"_bbp_reply_count":0,"_bbp_total_topic_count":0,"_bbp_total_reply_count":0,"_bbp_voice_count":0,"_bbp_anonymous_reply_count":0,"_bbp_topic_count_hidden":0,"_bbp_reply_count_hidden":0,"_bbp_forum_subforum_count":0,"_coblocks_attr":"","_coblocks_dimensions":"","_coblocks_responsive_height":"","_coblocks_accordion_ie_support":"","_crdt_document":"","inline_featured_image":false,"footnotes":""},"class_list":["post-4910","page","type-page","status-publish","hentry"],"_links":{"self":[{"href":"https:\/\/www.healcanada-test.ubmepsilon.com\/fr\/wp-json\/wp\/v2\/pages\/4910","targetHints":{"allow":["GET"]}}],"collection":[{"href":"https:\/\/www.healcanada-test.ubmepsilon.com\/fr\/wp-json\/wp\/v2\/pages"}],"about":[{"href":"https:\/\/www.healcanada-test.ubmepsilon.com\/fr\/wp-json\/wp\/v2\/types\/page"}],"author":[{"embeddable":true,"href":"https:\/\/www.healcanada-test.ubmepsilon.com\/fr\/wp-json\/wp\/v2\/users\/152821921"}],"replies":[{"embeddable":true,"href":"https:\/\/www.healcanada-test.ubmepsilon.com\/fr\/wp-json\/wp\/v2\/comments?post=4910"}],"version-history":[{"count":5,"href":"https:\/\/www.healcanada-test.ubmepsilon.com\/fr\/wp-json\/wp\/v2\/pages\/4910\/revisions"}],"predecessor-version":[{"id":4939,"href":"https:\/\/www.healcanada-test.ubmepsilon.com\/fr\/wp-json\/wp\/v2\/pages\/4910\/revisions\/4939"}],"wp:attachment":[{"href":"https:\/\/www.healcanada-test.ubmepsilon.com\/fr\/wp-json\/wp\/v2\/media?parent=4910"}],"curies":[{"name":"wp","href":"https:\/\/api.w.org\/{rel}","templated":true}]}}