{"id":7541,"date":"2025-03-09T10:00:41","date_gmt":"2025-03-09T14:00:41","guid":{"rendered":"https:\/\/www.healcanada-test.ubmepsilon.com\/a-propos-de-nous\/conseil-dadministration\/"},"modified":"2025-03-10T05:17:11","modified_gmt":"2025-03-10T09:17:11","slug":"conseil-dadministration","status":"publish","type":"page","link":"https:\/\/www.healcanada-test.ubmepsilon.com\/fr\/a-propos-de-nous\/conseil-dadministration\/","title":{"rendered":"Conseil d&rsquo;administration"},"content":{"rendered":"\n<p class=\"wp-block-paragraph\">Pr\u00e9sentation de Brigitte Leonard \u00e0 titre de directrice scientifique de Heal Canada<\/p>\n\n<p class=\"wp-block-paragraph\">Gu\u00e9rison Canada est fier d&rsquo;annoncer la nomination de Brigitte Leonard au poste de notre nouvelle directrice scientifique (CSO). Forte d\u2019une illustre carri\u00e8re de plus de deux d\u00e9cennies dans le domaine des soins de sant\u00e9 et de la recherche scientifique, Brigitte apporte une richesse de connaissances et d\u2019expertise \u00e0 notre organisation.<\/p>\n\n<p class=\"wp-block-paragraph\">Brigitte Leonard est titulaire d&rsquo;un doctorat en sciences biom\u00e9dicales et a constamment d\u00e9montr\u00e9 son engagement \u00e0 faire progresser l&rsquo;innovation scientifique pour l&rsquo;am\u00e9lioration des soins de sant\u00e9. Elle a fait ses preuves en dirigeant des initiatives de recherche r\u00e9volutionnaires dans l&rsquo;industrie pharmaceutique. Sa passion pour l&rsquo;am\u00e9lioration des r\u00e9sultats pour les patients et son d\u00e9vouement \u00e0 l&rsquo;excellence scientifique s&rsquo;harmonisent parfaitement avec la mission de Gu\u00e9rison Canada.<\/p>\n\n<p class=\"wp-block-paragraph\">En tant que CSO, Brigitte jouera un r\u00f4le essentiel dans l&rsquo;orientation des efforts de recherche et de d\u00e9veloppement de Gu\u00e9rison Canada. Elle dirigera notre programme Mon sang, ma sant\u00e9 en fournissant des informations nouvelles et innovantes sur les traitements et les th\u00e9rapies qui aideront les d\u00e9fenseurs des patients dans le paysage des soins de sant\u00e9 au Canada et au-del\u00e0. Sa vision strat\u00e9gique et son leadership propulseront notre organisation vers de nouveaux sommets en mati\u00e8re d&rsquo;information et d&rsquo;\u00e9ducation sur la d\u00e9fense des patients.<\/p>\n\n<p class=\"wp-block-paragraph\">\u00ab\u00a0Nous sommes ravis d&rsquo;accueillir Brigitte Leonard au sein de l&rsquo;\u00e9quipe de Gu\u00e9rison Canada. Son leadership exceptionnel et son acuit\u00e9 scientifique seront d&rsquo;une valeur inestimable alors que nous continuons \u00e0 repousser les limites de la recherche m\u00e9dicale et \u00e0 apporter des solutions transformatrices en mati\u00e8re de soins de sant\u00e9 \u00e0 nos communaut\u00e9s.<\/p>\n\n<p class=\"wp-block-paragraph\">Gu\u00e9rison Canada reste fid\u00e8le \u00e0 sa mission d&rsquo;am\u00e9liorer la sant\u00e9 et le bien-\u00eatre des Canadiens gr\u00e2ce \u00e0 des informations de pointe consacr\u00e9es \u00e0 la d\u00e9fense des int\u00e9r\u00eats des patients et \u00e0 l&rsquo;\u00e9ducation et l&rsquo;information, et la nomination de Brigitte Leonard au poste de directrice g\u00e9n\u00e9rale de la sant\u00e9 renforce notre engagement \u00e0 l&rsquo;\u00e9gard de cette mission.<\/p>\n\n<p class=\"wp-block-paragraph\">Dans le cadre de ses fonctions, Brigitte si\u00e8gera au conseil d&rsquo;administration de Heal Canada.<\/p>\n","protected":false},"excerpt":{"rendered":"<p>Pr\u00e9sentation de Brigitte Leonard \u00e0 titre de directrice scientifique de Heal Canada Gu\u00e9rison Canada est fier d&rsquo;annoncer la nomination de Brigitte Leonard au poste de notre nouvelle directrice scientifique (CSO). Forte d\u2019une illustre carri\u00e8re de plus de deux d\u00e9cennies dans le domaine des soins de sant\u00e9 et de la recherche scientifique, Brigitte apporte une richesse &hellip; <a href=\"https:\/\/www.healcanada-test.ubmepsilon.com\/fr\/a-propos-de-nous\/conseil-dadministration\/\" class=\"more-link\">Continue reading <span class=\"screen-reader-text\">Conseil d&rsquo;administration<\/span><\/a><\/p>\n","protected":false},"author":152821921,"featured_media":0,"parent":4711,"menu_order":0,"comment_status":"closed","ping_status":"closed","template":"","meta":{"_bbp_topic_count":0,"_bbp_reply_count":0,"_bbp_total_topic_count":0,"_bbp_total_reply_count":0,"_bbp_voice_count":0,"_bbp_anonymous_reply_count":0,"_bbp_topic_count_hidden":0,"_bbp_reply_count_hidden":0,"_bbp_forum_subforum_count":0,"_coblocks_attr":"","_coblocks_dimensions":"","_coblocks_responsive_height":"","_coblocks_accordion_ie_support":"","_crdt_document":"","inline_featured_image":false,"footnotes":""},"class_list":["post-7541","page","type-page","status-publish","hentry"],"_links":{"self":[{"href":"https:\/\/www.healcanada-test.ubmepsilon.com\/fr\/wp-json\/wp\/v2\/pages\/7541","targetHints":{"allow":["GET"]}}],"collection":[{"href":"https:\/\/www.healcanada-test.ubmepsilon.com\/fr\/wp-json\/wp\/v2\/pages"}],"about":[{"href":"https:\/\/www.healcanada-test.ubmepsilon.com\/fr\/wp-json\/wp\/v2\/types\/page"}],"author":[{"embeddable":true,"href":"https:\/\/www.healcanada-test.ubmepsilon.com\/fr\/wp-json\/wp\/v2\/users\/152821921"}],"replies":[{"embeddable":true,"href":"https:\/\/www.healcanada-test.ubmepsilon.com\/fr\/wp-json\/wp\/v2\/comments?post=7541"}],"version-history":[{"count":1,"href":"https:\/\/www.healcanada-test.ubmepsilon.com\/fr\/wp-json\/wp\/v2\/pages\/7541\/revisions"}],"predecessor-version":[{"id":7542,"href":"https:\/\/www.healcanada-test.ubmepsilon.com\/fr\/wp-json\/wp\/v2\/pages\/7541\/revisions\/7542"}],"up":[{"embeddable":true,"href":"https:\/\/www.healcanada-test.ubmepsilon.com\/fr\/wp-json\/wp\/v2\/pages\/4711"}],"wp:attachment":[{"href":"https:\/\/www.healcanada-test.ubmepsilon.com\/fr\/wp-json\/wp\/v2\/media?parent=7541"}],"curies":[{"name":"wp","href":"https:\/\/api.w.org\/{rel}","templated":true}]}}