{"id":7607,"date":"2025-03-12T13:07:16","date_gmt":"2025-03-12T17:07:16","guid":{"rendered":"https:\/\/www.healcanada-test.ubmepsilon.com\/a-propos-de-nous\/mission-et-vision-de-guerison-canada\/"},"modified":"2025-03-12T14:54:55","modified_gmt":"2025-03-12T18:54:55","slug":"mission-et-vision-de-guerison-canada","status":"publish","type":"page","link":"https:\/\/www.healcanada-test.ubmepsilon.com\/fr\/a-propos-de-nous\/mission-et-vision-de-guerison-canada\/","title":{"rendered":"Mission et vision de Gu\u00e9rison Canada"},"content":{"rendered":"\n<h2 style=\"margin-bottom: 0;\" class=\"wp-block-heading\"><strong>La mission de Gu\u00e9rison Canada<\/strong><\/h2>\n\n<p class=\"wp-block-paragraph\">Chez Gu\u00e9rir Canada, notre mission est d&rsquo;autonomiser les patients, d&rsquo;am\u00e9liorer les r\u00e9sultats des soins de sant\u00e9 et de plaider en faveur d&rsquo;un acc\u00e8s \u00e9quitable \u00e0 des soins de sant\u00e9 de qualit\u00e9 partout au Canada. En tant qu&rsquo;organisation sans but lucratif de d\u00e9fense et d&rsquo;\u00e9ducation des patients, nous nous engageons \u00e0 favoriser un syst\u00e8me de sant\u00e9 centr\u00e9 sur le patient qui donne la priorit\u00e9 au bien-\u00eatre, \u00e0 la dignit\u00e9 et aux droits de chaque individu par l&rsquo;autonomisation, l&rsquo;\u00e9ducation et la sensibilisation des patients, la d\u00e9fense de l&rsquo;\u00e9quit\u00e9, Collaboration, partenariats et normes \u00e9thiques.<\/p>\n\n<h2 style=\"margin-bottom:0;\" class=\"wp-block-heading\"><strong>La vision de la gu\u00e9rison au Canada<\/strong><\/h2>\n\n<p class=\"wp-block-paragraph\">Cr\u00e9er des ressources pour les d\u00e9fenseurs des patients et leur \u00e9cosyst\u00e8me qui donnent la priorit\u00e9 aux besoins des patients, fournissent une \u00e9ducation pour des soins de qualit\u00e9 et favorisent la collaboration entre les patients, les prestataires de soins de sant\u00e9, les parties prenantes et les d\u00e9cideurs politiques.<\/p>\n\n<p class=\"wp-block-paragraph\"><\/p>\n","protected":false},"excerpt":{"rendered":"<p>La mission de Gu\u00e9rison Canada Chez Gu\u00e9rir Canada, notre mission est d&rsquo;autonomiser les patients, d&rsquo;am\u00e9liorer les r\u00e9sultats des soins de sant\u00e9 et de plaider en faveur d&rsquo;un acc\u00e8s \u00e9quitable \u00e0 des soins de sant\u00e9 de qualit\u00e9 partout au Canada. En tant qu&rsquo;organisation sans but lucratif de d\u00e9fense et d&rsquo;\u00e9ducation des patients, nous nous engageons \u00e0 &hellip; <a href=\"https:\/\/www.healcanada-test.ubmepsilon.com\/fr\/a-propos-de-nous\/mission-et-vision-de-guerison-canada\/\" class=\"more-link\">Continue reading <span class=\"screen-reader-text\">Mission et vision de Gu\u00e9rison Canada<\/span><\/a><\/p>\n","protected":false},"author":152821921,"featured_media":0,"parent":4711,"menu_order":0,"comment_status":"closed","ping_status":"closed","template":"","meta":{"_bbp_topic_count":0,"_bbp_reply_count":0,"_bbp_total_topic_count":0,"_bbp_total_reply_count":0,"_bbp_voice_count":0,"_bbp_anonymous_reply_count":0,"_bbp_topic_count_hidden":0,"_bbp_reply_count_hidden":0,"_bbp_forum_subforum_count":0,"_coblocks_attr":"","_coblocks_dimensions":"","_coblocks_responsive_height":"","_coblocks_accordion_ie_support":"","_crdt_document":"","inline_featured_image":false,"footnotes":""},"class_list":["post-7607","page","type-page","status-publish","hentry"],"_links":{"self":[{"href":"https:\/\/www.healcanada-test.ubmepsilon.com\/fr\/wp-json\/wp\/v2\/pages\/7607","targetHints":{"allow":["GET"]}}],"collection":[{"href":"https:\/\/www.healcanada-test.ubmepsilon.com\/fr\/wp-json\/wp\/v2\/pages"}],"about":[{"href":"https:\/\/www.healcanada-test.ubmepsilon.com\/fr\/wp-json\/wp\/v2\/types\/page"}],"author":[{"embeddable":true,"href":"https:\/\/www.healcanada-test.ubmepsilon.com\/fr\/wp-json\/wp\/v2\/users\/152821921"}],"replies":[{"embeddable":true,"href":"https:\/\/www.healcanada-test.ubmepsilon.com\/fr\/wp-json\/wp\/v2\/comments?post=7607"}],"version-history":[{"count":1,"href":"https:\/\/www.healcanada-test.ubmepsilon.com\/fr\/wp-json\/wp\/v2\/pages\/7607\/revisions"}],"predecessor-version":[{"id":7608,"href":"https:\/\/www.healcanada-test.ubmepsilon.com\/fr\/wp-json\/wp\/v2\/pages\/7607\/revisions\/7608"}],"up":[{"embeddable":true,"href":"https:\/\/www.healcanada-test.ubmepsilon.com\/fr\/wp-json\/wp\/v2\/pages\/4711"}],"wp:attachment":[{"href":"https:\/\/www.healcanada-test.ubmepsilon.com\/fr\/wp-json\/wp\/v2\/media?parent=7607"}],"curies":[{"name":"wp","href":"https:\/\/api.w.org\/{rel}","templated":true}]}}